{"id":261,"date":"2012-08-10T21:52:29","date_gmt":"2012-08-11T02:52:29","guid":{"rendered":"http:\/\/blogs.acu.edu\/biologyresearch\/?page_id=261"},"modified":"2013-07-29T07:21:02","modified_gmt":"2013-07-29T12:21:02","slug":"publications","status":"publish","type":"page","link":"https:\/\/blogs.acu.edu\/biologyresearch\/publications\/","title":{"rendered":"Publications"},"content":{"rendered":"<h2><a href=\"http:\/\/blogs.acu.edu\/biologyresearch\/presentations\/\">Presentations<\/a><\/h2>\n<h2>Publications<\/h2>\n<p>Huddleston, J.R., J.M. Brokaw, J.C. Zak, R.M. Jeter. 2013. Natural transformation as a mechanism of horizontal gene transfer among environmental <em>Aeromonas<\/em> species. Systematic and Applied Microbiology 36:224-234.<\/p>\n<p>Jones, E. and B. Smith. 2011. Epigenetics and pastoral counseling: the science behind what we preach. European Journal of Science and Theology 8:47-54.<\/p>\n<p>Lee, T. E., Jr., S. F. Burneo, T. J. Cochran, and D. Ch\u00e1vez. 2010. Small Mammals of Santa Rosa, Southwestern Imbabura Province, Ecuador. Occasional Papers, Museum of Texas Tech University. 290:1-16.<\/p>\n<p>Lee, T. E., Jr., A. J. Patel, B. W. Johnson, and R. C. Vogtsberger. 2009. Noteworthy records of Dragonflies (Odonata: Anisoptera) from Jones and Taylor Counties of Central Texas. Texas Journal of Science, 61:157-160.<\/p>\n<p>Lee, T. E., Jr., S. F. Burneo, M. R. March\u00e1n, S. A. Roussos and R. Sebastian Vizcarra-V\u00e1scomez. 2008. The Mammals of the temperate forests of Volc\u00e1n Sumaco, Ecuador. Occasional Papers, Museum of Texas Tech University. 276:1- 10.<\/p>\n<p>Packer, J. B., and T. E. Lee, Jr. 2007. <em>Neusticomys monticolus<\/em>. Mammalian Species, 805:1-3.<\/p>\n<p>Lee, T. E., Jr., J. B. Packer, and D. Alvarado-Serrano. 2006. Results of a mammal survey of the Tandayapa Valley, Ecuador. Occasional Papers, Museum of Texas Tech University 250:1-8.<\/p>\n<p>Haynes, M. A., and T. E. Lee, Jr. 2004. <em>Artibeus obscurus<\/em>. Mammalian Species, 752:1-5.<\/p>\n<p>Brannan, D. K., C. R. Brannan, and T. E. Lee, Jr. 2003. Reproductive and territorial behavior of Comanche Springs pupfish (<em>Cyprinodon elegans<\/em>) in San Solomon Spring Pool, Balmorhea State Park, Reeves County, Texas. Southwestern Naturalist, 48:85-153.<\/p>\n<p>Belcher, R. L., and T. E. Lee, Jr. 2002. <em>Arctocephalus townsendi<\/em>. Mammalian Species, 700:1-5.<\/p>\n<p>Weyandt, S. E., T. E. Lee, Jr., and J. C. Patton. 2001. Noteworthy records of the western yellow bat <em>Lasiurus xanthinus<\/em> (Chiroptera: Vestpertilioinidae) and a report on the bats of Eagle Nest Canyon, Val Verde County, Texas. Texas Journal of Science, 53:289-292.<\/p>\n<p>Lee, T. E., Jr., B. K. Lim, and J. D. Hanson. 2000. Noteworthy records of mammals from the Orinoco River Drainage of Venezuela. Texas Journal of Science, 52:264-267.<\/p>\n<p>Lee, T. E., Jr., K. R. Rhodes, J. L. Lyons, and D. K. Brannan. 2000. The natural history of the Roatan Island agouti (<em>Dasyprocta ruatanica<\/em>), a study of behavior, diet and description of the habitat. Texas Journal of Science, 52:159-164.<\/p>\n<p>Lee, T. E., Jr., and D. J. Dominquez. 2000. <em>Ametrida centurio<\/em>. Mammalian Species, 640:1-4.<\/p>\n<p>Brant, J. G., and T. E. Lee, Jr. 1999. New records of mammals for Loving County, Texas. Texas Journal of Science, 51:347-350.<\/p>\n<p>Hanson, J. D., C. E. Peden, and T. E. Lee, Jr. 1998. Records of species and range extensions of mammals in Taylor County, Texas. Texas Journal of Science, 50: 251-255.<\/p>\n<p>Lee, T. E., Jr., J. F. Watkins, and C. C. Cash. 1998. <em>Acomys russatus<\/em>. Mammalian Species, 590:1-4.<\/p>\n<p>&nbsp;<\/p>\n<h2 style=\"text-align: center\"><a href=\"http:\/\/blogs.acu.edu\/biologyresearch\/research-opportunities\/\"><strong>Back to Research Opportunities Page<\/strong><\/a><\/h2>\n<h2 style=\"text-align: center\"><strong><a href=\"http:\/\/www.acu.edu\/academics\/cas\/biology\/index.html\">Back to Biology Home Page<\/a><\/strong><\/h2>\n","protected":false},"excerpt":{"rendered":"<p>Presentations Publications Huddleston, J.R., J.M. Brokaw, J.C. Zak, R.M. Jeter. 2013. Natural transformation as a mechanism of horizontal gene transfer among environmental Aeromonas species. Systematic and Applied Microbiology 36:224-234. Jones, E. and B. Smith. 2011. Epigenetics and pastoral counseling: the &hellip; <a href=\"https:\/\/blogs.acu.edu\/biologyresearch\/publications\/\">Continue reading <span class=\"meta-nav\">&rarr;<\/span><\/a><\/p>\n","protected":false},"author":7079,"featured_media":0,"parent":0,"menu_order":0,"comment_status":"open","ping_status":"closed","template":"","meta":{"_et_pb_use_builder":"","_et_pb_old_content":"","_et_gb_content_width":"","_monsterinsights_skip_tracking":false,"_monsterinsights_sitenote_active":false,"_monsterinsights_sitenote_note":"","_monsterinsights_sitenote_category":0,"footnotes":""},"class_list":["post-261","page","type-page","status-publish","hentry"],"_links":{"self":[{"href":"https:\/\/blogs.acu.edu\/biologyresearch\/wp-json\/wp\/v2\/pages\/261","targetHints":{"allow":["GET"]}}],"collection":[{"href":"https:\/\/blogs.acu.edu\/biologyresearch\/wp-json\/wp\/v2\/pages"}],"about":[{"href":"https:\/\/blogs.acu.edu\/biologyresearch\/wp-json\/wp\/v2\/types\/page"}],"author":[{"embeddable":true,"href":"https:\/\/blogs.acu.edu\/biologyresearch\/wp-json\/wp\/v2\/users\/7079"}],"replies":[{"embeddable":true,"href":"https:\/\/blogs.acu.edu\/biologyresearch\/wp-json\/wp\/v2\/comments?post=261"}],"version-history":[{"count":13,"href":"https:\/\/blogs.acu.edu\/biologyresearch\/wp-json\/wp\/v2\/pages\/261\/revisions"}],"predecessor-version":[{"id":908,"href":"https:\/\/blogs.acu.edu\/biologyresearch\/wp-json\/wp\/v2\/pages\/261\/revisions\/908"}],"wp:attachment":[{"href":"https:\/\/blogs.acu.edu\/biologyresearch\/wp-json\/wp\/v2\/media?parent=261"}],"curies":[{"name":"wp","href":"https:\/\/api.w.org\/{rel}","templated":true}]}}