{"id":53,"date":"2010-11-10T13:15:00","date_gmt":"2010-11-10T19:15:00","guid":{"rendered":"http:\/\/blogs.acu.edu\/sdpomegagamma\/?page_id=53"},"modified":"2019-05-13T13:15:40","modified_gmt":"2019-05-13T18:15:40","slug":"about-sigma-delta-pi-2","status":"publish","type":"page","link":"https:\/\/blogs.acu.edu\/sdpomegagamma\/about-sigma-delta-pi-2\/","title":{"rendered":"About Sigma Delta Pi"},"content":{"rendered":"<p><strong>Span\u00edas Didag\u00e9i Pro\u00e1gomen<\/strong><br \/>\n<em>Prosigamos bajo la inspiraci\u00f3n de Espa\u00f1a<\/em><\/p>\n<p>Sigma Delta Pi is the only honor\u00a0society devoted exclusively to students\u00a0of Spanish in four year colleges and universities. It is not only the largest\u00a0foreign-language honor society in existence, it is among the elite as attested by its membership since 1966 in the Association of College Honor Societies,\u00a0the nation\u2019s only certifying agency for college and university honor societies.<\/p>\n<p>Bestowal of membership in SDP is an honor that will last a lifetime, and will strengthen an application for a position in any professional field. SDP offers a grand scholarship program exclusively for its active members with annual undergraduate awards (30 granted in 2010) for summer study in Spain, Mexico, Ecuador, Peru and Bolivia and research grants for graduate students.<\/p>\n<p>Como consejera del cap\u00edtulo Omega Gamma de\u00a0 SDP en el Campus de ACU\u00a0quiero dar la bienvenida a nuestros\u00a0miembros y a la vez felicitarlos!\u00a0Si tienen preguntas no duden en comunicarse conmigo en: <a href=\"mailto:beatriz.walker@acu.edu\" target=\"_blank\" rel=\"noopener noreferrer\">beatriz.walker@acu.edu<\/a><\/p>\n","protected":false},"excerpt":{"rendered":"<p>Span\u00edas Didag\u00e9i Pro\u00e1gomen Prosigamos bajo la inspiraci\u00f3n de Espa\u00f1a Sigma Delta Pi is the only honor\u00a0society devoted exclusively to students\u00a0of Spanish in four year colleges and universities. It is not only the largest\u00a0foreign-language honor society in existence, it is among &hellip; <a href=\"https:\/\/blogs.acu.edu\/sdpomegagamma\/about-sigma-delta-pi-2\/\">Continue reading <span class=\"meta-nav\">&rarr;<\/span><\/a><\/p>\n","protected":false},"author":3515,"featured_media":0,"parent":0,"menu_order":0,"comment_status":"closed","ping_status":"closed","template":"","meta":{"footnotes":""},"class_list":["post-53","page","type-page","status-publish","hentry"],"_links":{"self":[{"href":"https:\/\/blogs.acu.edu\/sdpomegagamma\/wp-json\/wp\/v2\/pages\/53","targetHints":{"allow":["GET"]}}],"collection":[{"href":"https:\/\/blogs.acu.edu\/sdpomegagamma\/wp-json\/wp\/v2\/pages"}],"about":[{"href":"https:\/\/blogs.acu.edu\/sdpomegagamma\/wp-json\/wp\/v2\/types\/page"}],"author":[{"embeddable":true,"href":"https:\/\/blogs.acu.edu\/sdpomegagamma\/wp-json\/wp\/v2\/users\/3515"}],"replies":[{"embeddable":true,"href":"https:\/\/blogs.acu.edu\/sdpomegagamma\/wp-json\/wp\/v2\/comments?post=53"}],"version-history":[{"count":5,"href":"https:\/\/blogs.acu.edu\/sdpomegagamma\/wp-json\/wp\/v2\/pages\/53\/revisions"}],"predecessor-version":[{"id":493,"href":"https:\/\/blogs.acu.edu\/sdpomegagamma\/wp-json\/wp\/v2\/pages\/53\/revisions\/493"}],"wp:attachment":[{"href":"https:\/\/blogs.acu.edu\/sdpomegagamma\/wp-json\/wp\/v2\/media?parent=53"}],"curies":[{"name":"wp","href":"https:\/\/api.w.org\/{rel}","templated":true}]}}