{"id":537,"date":"2021-05-05T11:34:59","date_gmt":"2021-05-05T16:34:59","guid":{"rendered":"https:\/\/blogs.acu.edu\/sdpomegagamma\/?page_id=537"},"modified":"2022-04-24T18:09:13","modified_gmt":"2022-04-24T23:09:13","slug":"home","status":"publish","type":"page","link":"https:\/\/blogs.acu.edu\/sdpomegagamma\/","title":{"rendered":"Latest News"},"content":{"rendered":"\n<div class=\"wp-block-group has-black-color has-text-color\"><div class=\"wp-block-group__inner-container is-layout-flow wp-block-group-is-layout-flow\">\n<div class=\"wp-block-columns is-layout-flex wp-container-core-columns-is-layout-9d6595d7 wp-block-columns-is-layout-flex\">\n<div class=\"wp-block-column is-layout-flow wp-block-column-is-layout-flow\" style=\"flex-basis:100%\">\n<div class=\"wp-block-group\"><div class=\"wp-block-group__inner-container is-layout-flow wp-block-group-is-layout-flow\">\n<div class=\"wp-block-columns is-layout-flex wp-container-core-columns-is-layout-9d6595d7 wp-block-columns-is-layout-flex\">\n<div class=\"wp-block-column is-layout-flow wp-block-column-is-layout-flow\" style=\"flex-basis:100%\">\n<div class=\"wp-block-group\"><div class=\"wp-block-group__inner-container is-layout-flow wp-block-group-is-layout-flow\"><ul class=\"wp-block-latest-posts__list has-dates has-author alignleft wp-block-latest-posts\"><li><div class=\"wp-block-latest-posts__featured-image alignleft\"><a href=\"https:\/\/blogs.acu.edu\/sdpomegagamma\/2021\/04\/29\/omega-gamma-a-tradition-of-service-to-our-campus-and-community\/\" aria-label=\"Sigma Delta PI- Omega Gamma\"><img loading=\"lazy\" decoding=\"async\" width=\"300\" height=\"225\" src=\"https:\/\/blogs.acu.edu\/sdpomegagamma\/files\/2018\/11\/SDP-2021-300x225.jpg\" class=\"attachment-medium size-medium wp-post-image\" alt=\"\" style=\"max-width:225px;max-height:225px;\" srcset=\"https:\/\/blogs.acu.edu\/sdpomegagamma\/files\/2018\/11\/SDP-2021-300x225.jpg 300w, https:\/\/blogs.acu.edu\/sdpomegagamma\/files\/2018\/11\/SDP-2021-490x368.jpg 490w, https:\/\/blogs.acu.edu\/sdpomegagamma\/files\/2018\/11\/SDP-2021-150x113.jpg 150w, https:\/\/blogs.acu.edu\/sdpomegagamma\/files\/2018\/11\/SDP-2021-768x576.jpg 768w, https:\/\/blogs.acu.edu\/sdpomegagamma\/files\/2018\/11\/SDP-2021-1536x1152.jpg 1536w, https:\/\/blogs.acu.edu\/sdpomegagamma\/files\/2018\/11\/SDP-2021-2048x1536.jpg 2048w, https:\/\/blogs.acu.edu\/sdpomegagamma\/files\/2018\/11\/SDP-2021-400x300.jpg 400w\" sizes=\"auto, (max-width: 300px) 100vw, 300px\" \/><\/a><\/div><a class=\"wp-block-latest-posts__post-title\" href=\"https:\/\/blogs.acu.edu\/sdpomegagamma\/2021\/04\/29\/omega-gamma-a-tradition-of-service-to-our-campus-and-community\/\">Sigma Delta PI- Omega Gamma<\/a><div class=\"wp-block-latest-posts__post-author\">by Beatriz Walker<\/div><time datetime=\"2021-04-29T08:54:33-05:00\" class=\"wp-block-latest-posts__post-date\">April 29, 2021<\/time><div class=\"wp-block-latest-posts__post-excerpt\">Diez A\u00f1os en el campus de Abilene Christian University In the Fall of 2020, Omega Gamma should&#8217;ve celebrated 10 years on the campus of ACU. However, we found ourselves in the midst of a pandemic. We haven&#8217;t been able to celebrate yet, but we did honor our ten years of great work by our Spanish Honor students with a special Hispaniola volume. A balance of these years since we inaugurated a Chapter of Sigma Delta Pi on campus, would show six National Awards, a special Octavio Paz Award and a Mentor of the Year Award for the Chapter&#8217;s adviser.&nbsp;The publication &hellip; <a href=\"https:\/\/blogs.acu.edu\/sdpomegagamma\/2021\/04\/29\/omega-gamma-a-tradition-of-service-to-our-campus-and-community\/\">Continue reading <span class=\"meta-nav\">&rarr;<\/span><\/a><\/div><\/li>\n<li><div class=\"wp-block-latest-posts__featured-image alignleft\"><a href=\"https:\/\/blogs.acu.edu\/sdpomegagamma\/2018\/10\/31\/una-tradicion-de-omega-gamma-en-el-campus-de-acu\/\" aria-label=\"Una tradici\u00f3n de Omega Gamma en el Campus de ACU\"><img loading=\"lazy\" decoding=\"async\" width=\"300\" height=\"247\" src=\"https:\/\/blogs.acu.edu\/sdpomegagamma\/files\/2018\/10\/IMG_0493-300x247.jpg\" class=\"attachment-medium size-medium wp-post-image\" alt=\"\" style=\"max-width:225px;max-height:225px;\" srcset=\"https:\/\/blogs.acu.edu\/sdpomegagamma\/files\/2018\/10\/IMG_0493-300x247.jpg 300w, https:\/\/blogs.acu.edu\/sdpomegagamma\/files\/2018\/10\/IMG_0493-150x123.jpg 150w, https:\/\/blogs.acu.edu\/sdpomegagamma\/files\/2018\/10\/IMG_0493-768x631.jpg 768w, https:\/\/blogs.acu.edu\/sdpomegagamma\/files\/2018\/10\/IMG_0493-490x403.jpg 490w\" sizes=\"auto, (max-width: 300px) 100vw, 300px\" \/><\/a><\/div><a class=\"wp-block-latest-posts__post-title\" href=\"https:\/\/blogs.acu.edu\/sdpomegagamma\/2018\/10\/31\/una-tradicion-de-omega-gamma-en-el-campus-de-acu\/\">Una tradici\u00f3n de Omega Gamma en el Campus de ACU<\/a><div class=\"wp-block-latest-posts__post-author\">by Beatriz Walker<\/div><time datetime=\"2018-10-31T14:34:39-05:00\" class=\"wp-block-latest-posts__post-date\">October 31, 2018<\/time><div class=\"wp-block-latest-posts__post-excerpt\">Desde hace ya unos tres a\u00f1os, el Cap\u00edtulo Omega Gamma de Abilene Christian University ha comenzado lo que ya se ha convertido en tradici\u00f3n: una foto oficial en La Escalera de Jacobo. Este es uno de los \u00edconos en el paisaje de nuestro campus. Aqu\u00ed publicamos algunas de esas fotos! About three years ago, Omega Gamma, our Chapter of SDP here at Abilene Christian University, started a new tradition: a photo a Jacob&#8217;s Ladder. JL is one of the most iconic places on our campus&#8230;here are some of those photos.<\/div><\/li>\n<li><div class=\"wp-block-latest-posts__featured-image alignleft\"><a href=\"https:\/\/blogs.acu.edu\/sdpomegagamma\/2018\/10\/31\/una-noche-de-poesia-2016-2017\/\" aria-label=\"Una Noche de Poes\u00eda 2016-2017\"><img loading=\"lazy\" decoding=\"async\" width=\"300\" height=\"122\" src=\"https:\/\/blogs.acu.edu\/sdpomegagamma\/files\/2018\/10\/Grace-1-300x122.jpg\" class=\"attachment-medium size-medium wp-post-image\" alt=\"\" style=\"max-width:225px;max-height:225px;\" srcset=\"https:\/\/blogs.acu.edu\/sdpomegagamma\/files\/2018\/10\/Grace-1-300x122.jpg 300w, https:\/\/blogs.acu.edu\/sdpomegagamma\/files\/2018\/10\/Grace-1-150x61.jpg 150w, https:\/\/blogs.acu.edu\/sdpomegagamma\/files\/2018\/10\/Grace-1-768x312.jpg 768w, https:\/\/blogs.acu.edu\/sdpomegagamma\/files\/2018\/10\/Grace-1-490x199.jpg 490w, https:\/\/blogs.acu.edu\/sdpomegagamma\/files\/2018\/10\/Grace-1.jpg 960w\" sizes=\"auto, (max-width: 300px) 100vw, 300px\" \/><\/a><\/div><a class=\"wp-block-latest-posts__post-title\" href=\"https:\/\/blogs.acu.edu\/sdpomegagamma\/2018\/10\/31\/una-noche-de-poesia-2016-2017\/\">Una Noche de Poes\u00eda 2016-2017<\/a><div class=\"wp-block-latest-posts__post-author\">by Beatriz Walker<\/div><time datetime=\"2018-10-31T14:25:17-05:00\" class=\"wp-block-latest-posts__post-date\">October 31, 2018<\/time><div class=\"wp-block-latest-posts__post-excerpt\">Celebrando Hispanic Heritage Month con una noche de poes\u00eda bilingue: Antonio Machado y Pablo Neruda<\/div><\/li>\n<li><div class=\"wp-block-latest-posts__featured-image alignleft\"><a href=\"https:\/\/blogs.acu.edu\/sdpomegagamma\/2018\/10\/31\/sigma-delta-pi-and-hispanos-unidos-featured-in-acu-optimist-article\/\" aria-label=\"Sigma Delta Pi and Hispanos Unidos Featured in ACU Optimist Article\"><img loading=\"lazy\" decoding=\"async\" width=\"300\" height=\"156\" src=\"https:\/\/blogs.acu.edu\/sdpomegagamma\/files\/2018\/10\/safe_image.php_-300x156.jpeg\" class=\"attachment-medium size-medium wp-post-image\" alt=\"\" style=\"max-width:225px;max-height:225px;\" srcset=\"https:\/\/blogs.acu.edu\/sdpomegagamma\/files\/2018\/10\/safe_image.php_-300x156.jpeg 300w, https:\/\/blogs.acu.edu\/sdpomegagamma\/files\/2018\/10\/safe_image.php_-150x78.jpeg 150w, https:\/\/blogs.acu.edu\/sdpomegagamma\/files\/2018\/10\/safe_image.php_.jpeg 476w\" sizes=\"auto, (max-width: 300px) 100vw, 300px\" \/><\/a><\/div><a class=\"wp-block-latest-posts__post-title\" href=\"https:\/\/blogs.acu.edu\/sdpomegagamma\/2018\/10\/31\/sigma-delta-pi-and-hispanos-unidos-featured-in-acu-optimist-article\/\">Sigma Delta Pi and Hispanos Unidos Featured in ACU Optimist Article<\/a><div class=\"wp-block-latest-posts__post-author\">by Beatriz Walker<\/div><time datetime=\"2018-10-31T13:34:49-05:00\" class=\"wp-block-latest-posts__post-date\">October 31, 2018<\/time><div class=\"wp-block-latest-posts__post-excerpt\">The ACU Optimist Student Newspaper recently featured Sigma Delta Pi and Hispanos Unidos as they honored Hispanic Heritage Month. Click here to read the article.<\/div><\/li>\n<li><a class=\"wp-block-latest-posts__post-title\" href=\"https:\/\/blogs.acu.edu\/sdpomegagamma\/2016\/03\/03\/telemundo-interviews-members\/\">Telemundo Interviews Members<\/a><div class=\"wp-block-latest-posts__post-author\">by Brittany Jackson<\/div><time datetime=\"2016-03-03T12:23:16-06:00\" class=\"wp-block-latest-posts__post-date\">March 3, 2016<\/time><div class=\"wp-block-latest-posts__post-excerpt\">Haley McNeese, the president of our Sigma Delta Pi chapter, and Brittany Jackson, the communications officer for the chapter, had the opportunity to talk with Abilene&#8217;s Telemundo station about the chapter&#8217;s success over the past three years.\r\n\r\nIn fall 2015, ACU&#8217;s SDP chapter was named the National Honor Chapter for the third year in a row out of more than 600 chapters in the country.\r\n\r\n <a href=\"https:\/\/blogs.acu.edu\/sdpomegagamma\/2016\/03\/03\/telemundo-interviews-members\/\">Continue reading <span class=\"meta-nav\">&rarr;<\/span><\/a><\/div><\/li>\n<\/ul><\/div><\/div>\n\n\n\n<figure class=\"wp-block-gallery has-nested-images columns-default is-cropped wp-block-gallery-1 is-layout-flex wp-block-gallery-is-layout-flex\">\n<figure class=\"wp-block-image size-large\"><img loading=\"lazy\" decoding=\"async\" width=\"490\" height=\"368\" data-id=\"575\" src=\"https:\/\/blogs.acu.edu\/sdpomegagamma\/files\/2022\/04\/Initiation-Fall-2021-490x368.jpg\" alt=\"\" class=\"wp-image-575\" srcset=\"https:\/\/blogs.acu.edu\/sdpomegagamma\/files\/2022\/04\/Initiation-Fall-2021-490x368.jpg 490w, https:\/\/blogs.acu.edu\/sdpomegagamma\/files\/2022\/04\/Initiation-Fall-2021-300x225.jpg 300w, https:\/\/blogs.acu.edu\/sdpomegagamma\/files\/2022\/04\/Initiation-Fall-2021-150x113.jpg 150w, https:\/\/blogs.acu.edu\/sdpomegagamma\/files\/2022\/04\/Initiation-Fall-2021-768x576.jpg 768w, https:\/\/blogs.acu.edu\/sdpomegagamma\/files\/2022\/04\/Initiation-Fall-2021-400x300.jpg 400w, https:\/\/blogs.acu.edu\/sdpomegagamma\/files\/2022\/04\/Initiation-Fall-2021.jpg 1280w\" sizes=\"auto, (max-width: 490px) 100vw, 490px\" \/><\/figure>\n<\/figure>\n<\/div>\n<\/div>\n<\/div><\/div>\n<\/div>\n<\/div>\n<\/div><\/div>\n","protected":false},"excerpt":{"rendered":"","protected":false},"author":3515,"featured_media":0,"parent":0,"menu_order":0,"comment_status":"closed","ping_status":"closed","template":"","meta":{"footnotes":""},"class_list":["post-537","page","type-page","status-publish","hentry"],"_links":{"self":[{"href":"https:\/\/blogs.acu.edu\/sdpomegagamma\/wp-json\/wp\/v2\/pages\/537","targetHints":{"allow":["GET"]}}],"collection":[{"href":"https:\/\/blogs.acu.edu\/sdpomegagamma\/wp-json\/wp\/v2\/pages"}],"about":[{"href":"https:\/\/blogs.acu.edu\/sdpomegagamma\/wp-json\/wp\/v2\/types\/page"}],"author":[{"embeddable":true,"href":"https:\/\/blogs.acu.edu\/sdpomegagamma\/wp-json\/wp\/v2\/users\/3515"}],"replies":[{"embeddable":true,"href":"https:\/\/blogs.acu.edu\/sdpomegagamma\/wp-json\/wp\/v2\/comments?post=537"}],"version-history":[{"count":6,"href":"https:\/\/blogs.acu.edu\/sdpomegagamma\/wp-json\/wp\/v2\/pages\/537\/revisions"}],"predecessor-version":[{"id":577,"href":"https:\/\/blogs.acu.edu\/sdpomegagamma\/wp-json\/wp\/v2\/pages\/537\/revisions\/577"}],"wp:attachment":[{"href":"https:\/\/blogs.acu.edu\/sdpomegagamma\/wp-json\/wp\/v2\/media?parent=537"}],"curies":[{"name":"wp","href":"https:\/\/api.w.org\/{rel}","templated":true}]}}