{"id":91,"date":"2011-09-07T14:15:35","date_gmt":"2011-09-07T19:15:35","guid":{"rendered":"http:\/\/blogs.acu.edu\/sdpomegagamma\/?page_id=91"},"modified":"2019-05-13T13:27:09","modified_gmt":"2019-05-13T18:27:09","slug":"inauguration","status":"publish","type":"page","link":"https:\/\/blogs.acu.edu\/sdpomegagamma\/inauguration\/","title":{"rendered":"Omega Gamma Inauguration"},"content":{"rendered":"<p>ACU&#8217;s Chapter of Sigma Delta Pi was inaugurated in the Fall of 2010. Our president was Lawson Soward, Vice President Emily Miller, Secretary Leslie Record and Communications officer was Aaron Shaver. Other students joining our newly inaugurated chapter were, Amanda McAdams and Abby Allison.<\/p>\n<p style=\"text-align: left\">Our inauguration took place at Chapel on the Hill, in a beautiful ceremony where students read Miguel de Cervantes&#8217; poetry and music professor Dan Mitchell played &#8220;el concierto de Aranjuez&#8221; and other &#8216;guitarra&#8217; pieces for our audience. We had professors from other local universities joining us for this occasion and some friends of the Spanish culture as well. Omega Gamma has been a very active chapter since its inauguration. Dr. Beatriz Walker from the Department of Language and Literature is the advisor.<\/p>\n<p>Members of Omega Gamma immediately began recruiting new members. They also helped with the University Scholar Ceremony, and the annual North American Christian Foreign Language Association\u2019s Conference which took place on the campus of Abilene Christian in March of 2011.<\/p>\n\n\t\t<style type=\"text\/css\">\n\t\t\t#gallery-1 {\n\t\t\t\tmargin: auto;\n\t\t\t}\n\t\t\t#gallery-1 .gallery-item {\n\t\t\t\tfloat: left;\n\t\t\t\tmargin-top: 10px;\n\t\t\t\ttext-align: center;\n\t\t\t\twidth: 33%;\n\t\t\t}\n\t\t\t#gallery-1 img {\n\t\t\t\tborder: 2px solid #cfcfcf;\n\t\t\t}\n\t\t\t#gallery-1 .gallery-caption {\n\t\t\t\tmargin-left: 0;\n\t\t\t}\n\t\t\t\/* see gallery_shortcode() in wp-includes\/media.php *\/\n\t\t<\/style>\n\t\t<div id='gallery-1' class='gallery galleryid-91 gallery-columns-3 gallery-size-thumbnail'><dl class='gallery-item'>\n\t\t\t<dt class='gallery-icon landscape'>\n\t\t\t\t<a href='https:\/\/blogs.acu.edu\/sdpomegagamma\/inauguration\/inauguration-2010_2\/'><img loading=\"lazy\" decoding=\"async\" width=\"150\" height=\"112\" src=\"https:\/\/blogs.acu.edu\/sdpomegagamma\/files\/2011\/09\/Inauguration-2010_2-150x112.jpg\" class=\"attachment-thumbnail size-thumbnail\" alt=\"\" srcset=\"https:\/\/blogs.acu.edu\/sdpomegagamma\/files\/2011\/09\/Inauguration-2010_2-150x112.jpg 150w, https:\/\/blogs.acu.edu\/sdpomegagamma\/files\/2011\/09\/Inauguration-2010_2-300x225.jpg 300w, https:\/\/blogs.acu.edu\/sdpomegagamma\/files\/2011\/09\/Inauguration-2010_2-490x367.jpg 490w, https:\/\/blogs.acu.edu\/sdpomegagamma\/files\/2011\/09\/Inauguration-2010_2.jpg 2048w\" sizes=\"auto, (max-width: 150px) 100vw, 150px\" \/><\/a>\n\t\t\t<\/dt><\/dl><dl class='gallery-item'>\n\t\t\t<dt class='gallery-icon landscape'>\n\t\t\t\t<a href='https:\/\/blogs.acu.edu\/sdpomegagamma\/sdp8\/'><img loading=\"lazy\" decoding=\"async\" width=\"150\" height=\"112\" src=\"https:\/\/blogs.acu.edu\/sdpomegagamma\/files\/2009\/09\/sdp8-150x112.jpg\" class=\"attachment-thumbnail size-thumbnail\" alt=\"\" srcset=\"https:\/\/blogs.acu.edu\/sdpomegagamma\/files\/2009\/09\/sdp8-150x112.jpg 150w, https:\/\/blogs.acu.edu\/sdpomegagamma\/files\/2009\/09\/sdp8-300x225.jpg 300w, https:\/\/blogs.acu.edu\/sdpomegagamma\/files\/2009\/09\/sdp8-490x367.jpg 490w, https:\/\/blogs.acu.edu\/sdpomegagamma\/files\/2009\/09\/sdp8.jpg 2048w\" sizes=\"auto, (max-width: 150px) 100vw, 150px\" \/><\/a>\n\t\t\t<\/dt><\/dl><dl class='gallery-item'>\n\t\t\t<dt class='gallery-icon landscape'>\n\t\t\t\t<a href='https:\/\/blogs.acu.edu\/sdpomegagamma\/sdp10\/'><img loading=\"lazy\" decoding=\"async\" width=\"150\" height=\"112\" src=\"https:\/\/blogs.acu.edu\/sdpomegagamma\/files\/2009\/09\/sdp10-150x112.jpg\" class=\"attachment-thumbnail size-thumbnail\" alt=\"\" srcset=\"https:\/\/blogs.acu.edu\/sdpomegagamma\/files\/2009\/09\/sdp10-150x112.jpg 150w, https:\/\/blogs.acu.edu\/sdpomegagamma\/files\/2009\/09\/sdp10-300x225.jpg 300w, https:\/\/blogs.acu.edu\/sdpomegagamma\/files\/2009\/09\/sdp10-490x367.jpg 490w, https:\/\/blogs.acu.edu\/sdpomegagamma\/files\/2009\/09\/sdp10.jpg 2048w\" sizes=\"auto, (max-width: 150px) 100vw, 150px\" \/><\/a>\n\t\t\t<\/dt><\/dl><br style=\"clear: both\" \/><dl class='gallery-item'>\n\t\t\t<dt class='gallery-icon landscape'>\n\t\t\t\t<a href='https:\/\/blogs.acu.edu\/sdpomegagamma\/sdp5\/'><img loading=\"lazy\" decoding=\"async\" width=\"150\" height=\"112\" src=\"https:\/\/blogs.acu.edu\/sdpomegagamma\/files\/2009\/09\/sdp5-150x112.jpg\" class=\"attachment-thumbnail size-thumbnail\" alt=\"\" srcset=\"https:\/\/blogs.acu.edu\/sdpomegagamma\/files\/2009\/09\/sdp5-150x112.jpg 150w, https:\/\/blogs.acu.edu\/sdpomegagamma\/files\/2009\/09\/sdp5-300x225.jpg 300w, https:\/\/blogs.acu.edu\/sdpomegagamma\/files\/2009\/09\/sdp5-490x367.jpg 490w, https:\/\/blogs.acu.edu\/sdpomegagamma\/files\/2009\/09\/sdp5.jpg 2048w\" sizes=\"auto, (max-width: 150px) 100vw, 150px\" \/><\/a>\n\t\t\t<\/dt><\/dl><dl class='gallery-item'>\n\t\t\t<dt class='gallery-icon portrait'>\n\t\t\t\t<a href='https:\/\/blogs.acu.edu\/sdpomegagamma\/sdp11\/'><img loading=\"lazy\" decoding=\"async\" width=\"112\" height=\"150\" src=\"https:\/\/blogs.acu.edu\/sdpomegagamma\/files\/2009\/09\/sdp11-112x150.jpg\" class=\"attachment-thumbnail size-thumbnail\" alt=\"\" srcset=\"https:\/\/blogs.acu.edu\/sdpomegagamma\/files\/2009\/09\/sdp11-112x150.jpg 112w, https:\/\/blogs.acu.edu\/sdpomegagamma\/files\/2009\/09\/sdp11-225x300.jpg 225w, https:\/\/blogs.acu.edu\/sdpomegagamma\/files\/2009\/09\/sdp11-367x490.jpg 367w, https:\/\/blogs.acu.edu\/sdpomegagamma\/files\/2009\/09\/sdp11.jpg 1536w\" sizes=\"auto, (max-width: 112px) 100vw, 112px\" \/><\/a>\n\t\t\t<\/dt><\/dl><dl class='gallery-item'>\n\t\t\t<dt class='gallery-icon landscape'>\n\t\t\t\t<a href='https:\/\/blogs.acu.edu\/sdpomegagamma\/sdp6\/'><img loading=\"lazy\" decoding=\"async\" width=\"150\" height=\"112\" src=\"https:\/\/blogs.acu.edu\/sdpomegagamma\/files\/2009\/09\/sdp6-150x112.jpg\" class=\"attachment-thumbnail size-thumbnail\" alt=\"\" srcset=\"https:\/\/blogs.acu.edu\/sdpomegagamma\/files\/2009\/09\/sdp6-150x112.jpg 150w, https:\/\/blogs.acu.edu\/sdpomegagamma\/files\/2009\/09\/sdp6-300x225.jpg 300w, https:\/\/blogs.acu.edu\/sdpomegagamma\/files\/2009\/09\/sdp6-490x367.jpg 490w, https:\/\/blogs.acu.edu\/sdpomegagamma\/files\/2009\/09\/sdp6.jpg 2048w\" sizes=\"auto, (max-width: 150px) 100vw, 150px\" \/><\/a>\n\t\t\t<\/dt><\/dl><br style=\"clear: both\" \/>\n\t\t<\/div>\n\n<p>El 21 de Octubre qued\u00f3 establecido el cap\u00edtulo Omega Gamma de Sigma Delta Pi Sociedad Honoraria Hisp\u00e1nica, en la Universidad Cristiana de Abilene en Abilene, Texas.<\/p>\n","protected":false},"excerpt":{"rendered":"<p>ACU&#8217;s Chapter of Sigma Delta Pi was inaugurated in the Fall of 2010. Our president was Lawson Soward, Vice President Emily Miller, Secretary Leslie Record and Communications officer was Aaron Shaver. Other students joining our newly inaugurated chapter were, Amanda &hellip; <a href=\"https:\/\/blogs.acu.edu\/sdpomegagamma\/inauguration\/\">Continue reading <span class=\"meta-nav\">&rarr;<\/span><\/a><\/p>\n","protected":false},"author":3515,"featured_media":0,"parent":0,"menu_order":0,"comment_status":"closed","ping_status":"closed","template":"","meta":{"footnotes":""},"class_list":["post-91","page","type-page","status-publish","hentry"],"_links":{"self":[{"href":"https:\/\/blogs.acu.edu\/sdpomegagamma\/wp-json\/wp\/v2\/pages\/91","targetHints":{"allow":["GET"]}}],"collection":[{"href":"https:\/\/blogs.acu.edu\/sdpomegagamma\/wp-json\/wp\/v2\/pages"}],"about":[{"href":"https:\/\/blogs.acu.edu\/sdpomegagamma\/wp-json\/wp\/v2\/types\/page"}],"author":[{"embeddable":true,"href":"https:\/\/blogs.acu.edu\/sdpomegagamma\/wp-json\/wp\/v2\/users\/3515"}],"replies":[{"embeddable":true,"href":"https:\/\/blogs.acu.edu\/sdpomegagamma\/wp-json\/wp\/v2\/comments?post=91"}],"version-history":[{"count":10,"href":"https:\/\/blogs.acu.edu\/sdpomegagamma\/wp-json\/wp\/v2\/pages\/91\/revisions"}],"predecessor-version":[{"id":374,"href":"https:\/\/blogs.acu.edu\/sdpomegagamma\/wp-json\/wp\/v2\/pages\/91\/revisions\/374"}],"wp:attachment":[{"href":"https:\/\/blogs.acu.edu\/sdpomegagamma\/wp-json\/wp\/v2\/media?parent=91"}],"curies":[{"name":"wp","href":"https:\/\/api.w.org\/{rel}","templated":true}]}}