{"id":3575,"date":"2020-08-19T12:32:04","date_gmt":"2020-08-19T17:32:04","guid":{"rendered":"https:\/\/blogs.acu.edu\/specialcollections\/?page_id=3575"},"modified":"2020-08-19T12:38:26","modified_gmt":"2020-08-19T17:38:26","slug":"que-colecciona-colecciones-especiales-de-la-universidad-cristiana-abilene-una-guia-breve-para-donantes-y-patrocinadores","status":"publish","type":"page","link":"https:\/\/blogs.acu.edu\/specialcollections\/about\/que-colecciona-colecciones-especiales-de-la-universidad-cristiana-abilene-una-guia-breve-para-donantes-y-patrocinadores\/","title":{"rendered":"\u00bfQu\u00e9 colecciona Colecciones Especiales de la Universidad Cristiana Abilene?: Una Gu\u00eda Breve para Donantes y Patrocinadores"},"content":{"rendered":"<p>Colecciones Especiales y Archivos de la Universidad Cristiana Abilene busca activamente materiales de, por y sobre el Movimiento de Restauraci\u00f3n desde sus primeros d\u00edas hasta el presente. Tenemos libros, publicaciones en peri\u00f3dicos, <em>ephemeras<\/em>, fotograf\u00edas, grabaciones de audio y video, materiales de archivo y artefactos.<\/p>\n<p><strong>Libros y Peri\u00f3dicos<\/strong>: Idealmente conservaremos una copia en una condici\u00f3n tan impecable como podamos localizar. Cuando tenemos dos copias, una copia estar\u00e1 disponible para los investigadores como \u201ccopia de uso\u201d, mientras que la otra se mantendr\u00e1 como copia de conservaci\u00f3n. Siempre buscamos 1) llenar los vac\u00edos en nuestra colecci\u00f3n; 2) adquirir copias en mejores condiciones; y 3) adquirir copias firmadas o inscritas. En casos excepcionales, retendremos copias adicionales firmadas o de <a href=\"https:\/\/en.wikipedia.org\/wiki\/Association_copy\" target=\"_blank\" rel=\"noopener noreferrer\">asociaci\u00f3n<\/a>.<\/p>\n<div id=\"attachment_3088\" style=\"width: 1010px\" class=\"wp-caption alignleft\"><img loading=\"lazy\" decoding=\"async\" aria-describedby=\"caption-attachment-3088\" class=\"size-full wp-image-3088\" src=\"https:\/\/blogs.acu.edu\/specialcollections\/files\/2019\/09\/Packer-Forum-Opening-11.jpg\" alt=\"\" width=\"1000\" height=\"667\" srcset=\"https:\/\/blogs.acu.edu\/specialcollections\/files\/2019\/09\/Packer-Forum-Opening-11.jpg 1000w, https:\/\/blogs.acu.edu\/specialcollections\/files\/2019\/09\/Packer-Forum-Opening-11-150x100.jpg 150w, https:\/\/blogs.acu.edu\/specialcollections\/files\/2019\/09\/Packer-Forum-Opening-11-300x200.jpg 300w, https:\/\/blogs.acu.edu\/specialcollections\/files\/2019\/09\/Packer-Forum-Opening-11-768x512.jpg 768w, https:\/\/blogs.acu.edu\/specialcollections\/files\/2019\/09\/Packer-Forum-Opening-11-490x327.jpg 490w, https:\/\/blogs.acu.edu\/specialcollections\/files\/2019\/09\/Packer-Forum-Opening-11-450x300.jpg 450w\" sizes=\"auto, (max-width: 1000px) 100vw, 1000px\" \/><p id=\"caption-attachment-3088\" class=\"wp-caption-text\">Muchas primeras ediciones de las obras de Alexander Campbell. Colecciones Especiales y Archivos de la Universidad Cristiana Abilene, Biblioteca Brown. Universidad Cristiana Abilene, Abilene, TX.<\/p><\/div>\n<p>&nbsp;<\/p>\n<div id=\"attachment_2987\" style=\"width: 2111px\" class=\"wp-caption alignleft\"><img loading=\"lazy\" decoding=\"async\" aria-describedby=\"caption-attachment-2987\" class=\"size-full wp-image-2987\" src=\"https:\/\/blogs.acu.edu\/specialcollections\/files\/2019\/08\/GospelAdvance_Sept1919_005.jpg\" alt=\"\" width=\"2101\" height=\"1190\" srcset=\"https:\/\/blogs.acu.edu\/specialcollections\/files\/2019\/08\/GospelAdvance_Sept1919_005.jpg 2101w, https:\/\/blogs.acu.edu\/specialcollections\/files\/2019\/08\/GospelAdvance_Sept1919_005-150x85.jpg 150w, https:\/\/blogs.acu.edu\/specialcollections\/files\/2019\/08\/GospelAdvance_Sept1919_005-300x170.jpg 300w, https:\/\/blogs.acu.edu\/specialcollections\/files\/2019\/08\/GospelAdvance_Sept1919_005-768x435.jpg 768w, https:\/\/blogs.acu.edu\/specialcollections\/files\/2019\/08\/GospelAdvance_Sept1919_005-490x278.jpg 490w, https:\/\/blogs.acu.edu\/specialcollections\/files\/2019\/08\/GospelAdvance_Sept1919_005-500x283.jpg 500w\" sizes=\"auto, (max-width: 2101px) 100vw, 2101px\" \/><p id=\"caption-attachment-2987\" class=\"wp-caption-text\">Membrete, Avance del Evangelio, septiembre de 1919, vol. 1, no. 1. Editado y publicado por Price Billingsley. Colecciones Especiales y Archivos de la Universidad Cristiana Abilene, Biblioteca Brown. Universidad Cristiana Abilene, Abilene, TX.<\/p><\/div>\n<p><strong><em>Ephemeras<\/em><\/strong><strong> y fotograf\u00edas<\/strong>: Impresos por el momento y luego descartados, los elementos <em>ephemeras<\/em> abren una ventana a nuestra historia que, lamentablemente, raramente se conserva. Los afiches, folletos, carteles, tarjetas publicitarias, recortes y materiales semejantes pueden ayudarnos a entender los momentos que comprende nuestra historia. Fotograf\u00edas, retratos, instant\u00e1neas y diapositivas documentan el momento sin usar palabras.<\/p>\n<div id=\"attachment_1365\" style=\"width: 2029px\" class=\"wp-caption alignleft\"><img loading=\"lazy\" decoding=\"async\" aria-describedby=\"caption-attachment-1365\" class=\"size-full wp-image-1365\" src=\"https:\/\/blogs.acu.edu\/specialcollections\/files\/2014\/07\/ACU_CampbellStreetChurchofChristLouisville.jpg\" alt=\"\" width=\"2019\" height=\"1650\" srcset=\"https:\/\/blogs.acu.edu\/specialcollections\/files\/2014\/07\/ACU_CampbellStreetChurchofChristLouisville.jpg 2019w, https:\/\/blogs.acu.edu\/specialcollections\/files\/2014\/07\/ACU_CampbellStreetChurchofChristLouisville-150x122.jpg 150w, https:\/\/blogs.acu.edu\/specialcollections\/files\/2014\/07\/ACU_CampbellStreetChurchofChristLouisville-300x245.jpg 300w, https:\/\/blogs.acu.edu\/specialcollections\/files\/2014\/07\/ACU_CampbellStreetChurchofChristLouisville-490x400.jpg 490w, https:\/\/blogs.acu.edu\/specialcollections\/files\/2014\/07\/ACU_CampbellStreetChurchofChristLouisville-367x300.jpg 367w\" sizes=\"auto, (max-width: 2019px) 100vw, 2019px\" \/><p id=\"caption-attachment-1365\" class=\"wp-caption-text\">Iglesia de Cristo Campbell Street, Louisville, KY. 3 de junio de 1923. Colecciones Especiales y Archivos de la Universidad Cristiana Abilene, Biblioteca Brown. Universidad Cristiana Abilene, Abilene, TX.<\/p><\/div>\n<div id=\"attachment_2897\" style=\"width: 566px\" class=\"wp-caption alignleft\"><img loading=\"lazy\" decoding=\"async\" aria-describedby=\"caption-attachment-2897\" class=\"size-full wp-image-2897\" src=\"https:\/\/blogs.acu.edu\/specialcollections\/files\/2019\/05\/Screen-Shot-2019-05-29-at-10.23.12-AM.png\" alt=\"\" width=\"556\" height=\"814\" srcset=\"https:\/\/blogs.acu.edu\/specialcollections\/files\/2019\/05\/Screen-Shot-2019-05-29-at-10.23.12-AM.png 556w, https:\/\/blogs.acu.edu\/specialcollections\/files\/2019\/05\/Screen-Shot-2019-05-29-at-10.23.12-AM-102x150.png 102w, https:\/\/blogs.acu.edu\/specialcollections\/files\/2019\/05\/Screen-Shot-2019-05-29-at-10.23.12-AM-205x300.png 205w, https:\/\/blogs.acu.edu\/specialcollections\/files\/2019\/05\/Screen-Shot-2019-05-29-at-10.23.12-AM-335x490.png 335w\" sizes=\"auto, (max-width: 556px) 100vw, 556px\" \/><p id=\"caption-attachment-2897\" class=\"wp-caption-text\">\u00c1lbum de recortes, Caja 1, Carpeta 1, Documentos de Mable Fuchs, 1920-1921. Centro de Estudios de Restauraci\u00f3n MS #445. Colecciones Especiales y Archivos de la Universidad Cristiana Abilene, Biblioteca Brown. Universidad Cristiana Abilene, Abilene, TX.<\/p><\/div>\n<p><strong>Grabaciones de audio y video<\/strong>: Estimamos que tenemos m\u00e1s de 15,000 grabaciones en una variedad de formatos (desde carretes de cinta magn\u00e9tica hasta grabaciones de fon\u00f3grafo, casetes, cintas de video y DVD). A continuaci\u00f3n, escuche al serm\u00f3n \u2018Montar los caballos salvajes\u2019 por Lynn Anderson.<\/p>\n<!--[if lt IE 9]><script>document.createElement('audio');<\/script><![endif]-->\n<audio class=\"wp-audio-shortcode\" id=\"audio-3575-1\" preload=\"none\" style=\"width: 100%;\" controls=\"controls\"><source type=\"audio\/mpeg\" src=\"https:\/\/blogs.acu.edu\/specialcollections\/files\/2019\/10\/01-Wild-Horses-Within.mp3?_=1\" \/><a href=\"https:\/\/blogs.acu.edu\/specialcollections\/files\/2019\/10\/01-Wild-Horses-Within.mp3\">https:\/\/blogs.acu.edu\/specialcollections\/files\/2019\/10\/01-Wild-Horses-Within.mp3<\/a><\/audio>\n<p>A continuaci\u00f3n escuche a Zelma Stroop mientras ella recuerda a David y Margaret Lipscomb.<\/p>\n<audio class=\"wp-audio-shortcode\" id=\"audio-3575-2\" preload=\"none\" style=\"width: 100%;\" controls=\"controls\"><source type=\"audio\/wav\" src=\"https:\/\/blogs.acu.edu\/specialcollections\/files\/2013\/12\/jrs-zelma-stroop-uncle-dave-and-aunt-mag.wav?_=2\" \/><a href=\"https:\/\/blogs.acu.edu\/specialcollections\/files\/2013\/12\/jrs-zelma-stroop-uncle-dave-and-aunt-mag.wav\">https:\/\/blogs.acu.edu\/specialcollections\/files\/2013\/12\/jrs-zelma-stroop-uncle-dave-and-aunt-mag.wav<\/a><\/audio>\n<p><strong>Material de archivo<\/strong>: Actualmente tenemos poco menos de 490 colecciones de documentos personales de ministros, evangelistas, profesores, editores y misioneros. Cada conjunto es tan diferente como su escritor. Algunos son ricos en sermones o correspondencia, otros en material manuscrito y algunos contienen registros de congregaciones u organizaciones. Muchos tienen un poquito de todo. Los Registros congregacionales incluyen libros de agendas, boletines seleccionados, listas de miembros y directorios.<\/p>\n<div id=\"attachment_2988\" style=\"width: 829px\" class=\"wp-caption alignleft\"><img loading=\"lazy\" decoding=\"async\" aria-describedby=\"caption-attachment-2988\" class=\"size-full wp-image-2988\" src=\"https:\/\/blogs.acu.edu\/specialcollections\/files\/2019\/08\/ACU_Ketcherside_Paregien_1970.02.11-copy.jpg\" alt=\"\" width=\"819\" height=\"266\" srcset=\"https:\/\/blogs.acu.edu\/specialcollections\/files\/2019\/08\/ACU_Ketcherside_Paregien_1970.02.11-copy.jpg 819w, https:\/\/blogs.acu.edu\/specialcollections\/files\/2019\/08\/ACU_Ketcherside_Paregien_1970.02.11-copy-150x49.jpg 150w, https:\/\/blogs.acu.edu\/specialcollections\/files\/2019\/08\/ACU_Ketcherside_Paregien_1970.02.11-copy-300x97.jpg 300w, https:\/\/blogs.acu.edu\/specialcollections\/files\/2019\/08\/ACU_Ketcherside_Paregien_1970.02.11-copy-768x249.jpg 768w, https:\/\/blogs.acu.edu\/specialcollections\/files\/2019\/08\/ACU_Ketcherside_Paregien_1970.02.11-copy-490x159.jpg 490w, https:\/\/blogs.acu.edu\/specialcollections\/files\/2019\/08\/ACU_Ketcherside_Paregien_1970.02.11-copy-500x162.jpg 500w\" sizes=\"auto, (max-width: 819px) 100vw, 819px\" \/><p id=\"caption-attachment-2988\" class=\"wp-caption-text\">Carta de Carl Ketcherside a Stanley Paregien, 11 de febrero de 1970. Colecciones Especiales y Archivos de la Universidad Cristiana Abilene, Biblioteca Brown. Universidad Cristiana Abilene, Abilene, TX.<\/p><\/div>\n<div id=\"attachment_1601\" style=\"width: 4654px\" class=\"wp-caption alignleft\"><img loading=\"lazy\" decoding=\"async\" aria-describedby=\"caption-attachment-1601\" class=\"size-full wp-image-1601\" src=\"https:\/\/blogs.acu.edu\/specialcollections\/files\/2014\/10\/ACU_G.W.-Varner-Papers-1.jpeg\" alt=\"\" width=\"4644\" height=\"5644\" srcset=\"https:\/\/blogs.acu.edu\/specialcollections\/files\/2014\/10\/ACU_G.W.-Varner-Papers-1.jpeg 4644w, https:\/\/blogs.acu.edu\/specialcollections\/files\/2014\/10\/ACU_G.W.-Varner-Papers-1-123x150.jpeg 123w, https:\/\/blogs.acu.edu\/specialcollections\/files\/2014\/10\/ACU_G.W.-Varner-Papers-1-246x300.jpeg 246w, https:\/\/blogs.acu.edu\/specialcollections\/files\/2014\/10\/ACU_G.W.-Varner-Papers-1-403x490.jpeg 403w\" sizes=\"auto, (max-width: 4644px) 100vw, 4644px\" \/><p id=\"caption-attachment-1601\" class=\"wp-caption-text\">Carta de recomendaci\u00f3n de G.W. Varner y A.V. Varner, firmada por toda la congregaci\u00f3n. Colecciones Especiales y Archivos de la Universidad Cristiana Abilene, Biblioteca Brown. Universidad Cristiana Abilene, Abilene, TX.<\/p><\/div>\n<p><strong>Artefactos<\/strong>: El ic\u00f3nico p\u00falpito usado por Thomas Campbell en la Iglesia Presbiteriana en Ahorey (Irlanda) puede ser nuestro artefacto m\u00e1s reconocible. Pero tenemos art\u00edculos de la Cena del Se\u00f1or del siglo 19 y los principios del siglo 20, una banca de la Iglesia de Cristo en Madison, TN y artefactos de todo el mundo de varios misioneros. Estos art\u00edculos cuentan otro lado de la historia.<\/p>\n<div id=\"attachment_288\" style=\"width: 1774px\" class=\"wp-caption alignleft\"><img loading=\"lazy\" decoding=\"async\" aria-describedby=\"caption-attachment-288\" class=\"size-full wp-image-288\" src=\"https:\/\/blogs.acu.edu\/specialcollections\/files\/2013\/04\/acu_lecture_banner_028_f.jpg\" alt=\"\" width=\"1764\" height=\"1475\" srcset=\"https:\/\/blogs.acu.edu\/specialcollections\/files\/2013\/04\/acu_lecture_banner_028_f.jpg 1764w, https:\/\/blogs.acu.edu\/specialcollections\/files\/2013\/04\/acu_lecture_banner_028_f-150x125.jpg 150w, https:\/\/blogs.acu.edu\/specialcollections\/files\/2013\/04\/acu_lecture_banner_028_f-300x250.jpg 300w, https:\/\/blogs.acu.edu\/specialcollections\/files\/2013\/04\/acu_lecture_banner_028_f-490x409.jpg 490w, https:\/\/blogs.acu.edu\/specialcollections\/files\/2013\/04\/acu_lecture_banner_028_f-358x300.jpg 358w\" sizes=\"auto, (max-width: 1764px) 100vw, 1764px\" \/><p id=\"caption-attachment-288\" class=\"wp-caption-text\">Bosquejo largo del Serm\u00f3n sobre el cielo, aproximadamente entre 1940 y 1950. Colecciones Especiales y Archivos de la Universidad Cristiana Abilene, Biblioteca Brown. Universidad Cristiana Abilene, Abilene, TX.<\/p><\/div>\n<div id=\"attachment_394\" style=\"width: 2602px\" class=\"wp-caption alignleft\"><img loading=\"lazy\" decoding=\"async\" aria-describedby=\"caption-attachment-394\" class=\"size-full wp-image-394\" src=\"https:\/\/blogs.acu.edu\/specialcollections\/files\/2013\/08\/Great-Songs-of-the-Church-printing-block-and-leather-edition-2.jpg\" alt=\"\" width=\"2592\" height=\"1413\" srcset=\"https:\/\/blogs.acu.edu\/specialcollections\/files\/2013\/08\/Great-Songs-of-the-Church-printing-block-and-leather-edition-2.jpg 2592w, https:\/\/blogs.acu.edu\/specialcollections\/files\/2013\/08\/Great-Songs-of-the-Church-printing-block-and-leather-edition-2-150x81.jpg 150w, https:\/\/blogs.acu.edu\/specialcollections\/files\/2013\/08\/Great-Songs-of-the-Church-printing-block-and-leather-edition-2-300x163.jpg 300w, https:\/\/blogs.acu.edu\/specialcollections\/files\/2013\/08\/Great-Songs-of-the-Church-printing-block-and-leather-edition-2-490x267.jpg 490w, https:\/\/blogs.acu.edu\/specialcollections\/files\/2013\/08\/Great-Songs-of-the-Church-printing-block-and-leather-edition-2-500x272.jpg 500w\" sizes=\"auto, (max-width: 2592px) 100vw, 2592px\" \/><p id=\"caption-attachment-394\" class=\"wp-caption-text\">Planchas de impresi\u00f3n de lat\u00f3n utilizadas en la producci\u00f3n de Grandes Canciones de la Iglesia. Colecciones Especiales y Archivos de la Universidad Cristiana Abilene, Biblioteca Brown. Universidad Cristiana Abilene, Abilene, TX.<\/p><\/div>\n<p>Si usted tiene materiales como estos que le gustar\u00eda donar, por favor comun\u00edquese con Mac Ice, Director de Colecciones y Archivos Especiales, en mac.ice@acu.edu, o llame al (325) 674-2144. Mac estar\u00e1 encantado de discutir cualquier aspecto de los art\u00edculos que tenemos y la obra de Colecciones Especiales y Archivos de la Universidad Cristiana Abilene.<\/p>\n<p>With grateful appreciation to Mainor P\u00e9rez Medina for translating this page into Spanish.\u00a0 Click here to read this page in <a href=\"https:\/\/blogs.acu.edu\/specialcollections\/about\/what-does-special-collections-collect-a-brief-guide-for-donors-and-patrons\/#.Xz1ig5NKii4\" target=\"_blank\" rel=\"noopener noreferrer\">English<\/a>.<\/p>\n<!-- AddThis Advanced Settings generic via filter on the_content --><!-- AddThis Share Buttons generic via filter on the_content -->","protected":false},"excerpt":{"rendered":"<p>Colecciones Especiales y Archivos de la Universidad Cristiana Abilene busca activamente materiales de, por y sobre el Movimiento de Restauraci\u00f3n desde sus primeros d\u00edas hasta el presente. Tenemos libros, publicaciones en peri\u00f3dicos, ephemeras, fotograf\u00edas, grabaciones de audio y video, materiales &hellip; <a href=\"https:\/\/blogs.acu.edu\/specialcollections\/about\/que-colecciona-colecciones-especiales-de-la-universidad-cristiana-abilene-una-guia-breve-para-donantes-y-patrocinadores\/\">Continue reading <span class=\"meta-nav\">&rarr;<\/span><\/a><!-- AddThis Advanced Settings generic via filter on get_the_excerpt --><!-- AddThis Share Buttons generic via filter on get_the_excerpt --><\/p>\n","protected":false},"author":10498,"featured_media":0,"parent":2,"menu_order":0,"comment_status":"closed","ping_status":"closed","template":"","meta":{"jetpack_post_was_ever_published":false,"footnotes":""},"class_list":["post-3575","page","type-page","status-publish","hentry"],"jetpack_sharing_enabled":true,"jetpack_shortlink":"https:\/\/wp.me\/P4fxGI-VF","_links":{"self":[{"href":"https:\/\/blogs.acu.edu\/specialcollections\/wp-json\/wp\/v2\/pages\/3575","targetHints":{"allow":["GET"]}}],"collection":[{"href":"https:\/\/blogs.acu.edu\/specialcollections\/wp-json\/wp\/v2\/pages"}],"about":[{"href":"https:\/\/blogs.acu.edu\/specialcollections\/wp-json\/wp\/v2\/types\/page"}],"author":[{"embeddable":true,"href":"https:\/\/blogs.acu.edu\/specialcollections\/wp-json\/wp\/v2\/users\/10498"}],"replies":[{"embeddable":true,"href":"https:\/\/blogs.acu.edu\/specialcollections\/wp-json\/wp\/v2\/comments?post=3575"}],"version-history":[{"count":4,"href":"https:\/\/blogs.acu.edu\/specialcollections\/wp-json\/wp\/v2\/pages\/3575\/revisions"}],"predecessor-version":[{"id":3581,"href":"https:\/\/blogs.acu.edu\/specialcollections\/wp-json\/wp\/v2\/pages\/3575\/revisions\/3581"}],"up":[{"embeddable":true,"href":"https:\/\/blogs.acu.edu\/specialcollections\/wp-json\/wp\/v2\/pages\/2"}],"wp:attachment":[{"href":"https:\/\/blogs.acu.edu\/specialcollections\/wp-json\/wp\/v2\/media?parent=3575"}],"curies":[{"name":"wp","href":"https:\/\/api.w.org\/{rel}","templated":true}]}}